{"id":983,"date":"2023-02-18T14:09:13","date_gmt":"2023-02-18T13:09:13","guid":{"rendered":"http:\/\/w1075903.checkdomain.net\/europadiscovery\/wordpress\/?page_id=983"},"modified":"2023-02-18T14:09:13","modified_gmt":"2023-02-18T13:09:13","slug":"agb","status":"publish","type":"page","link":"http:\/\/w1075903.checkdomain.net\/europadiscovery\/wordpress\/agb\/","title":{"rendered":"AGB"},"content":{"rendered":"<div class=\"fusion-fullwidth fullwidth-box fusion-builder-row-1 fusion-flex-container has-pattern-background has-mask-background nonhundred-percent-fullwidth non-hundred-percent-height-scrolling\" style=\"--awb-border-radius-top-left:0px;--awb-border-radius-top-right:0px;--awb-border-radius-bottom-right:0px;--awb-border-radius-bottom-left:0px;--awb-padding-top:150px;\" ><div class=\"fusion-builder-row fusion-row fusion-flex-align-items-flex-start\" style=\"max-width:76.96vw;margin-left: calc(-4% \/ 2 );margin-right: calc(-4% \/ 2 );\"><div class=\"fusion-layout-column fusion_builder_column fusion-builder-column-0 fusion_builder_column_1_1 1_1 fusion-flex-column\" style=\"--awb-bg-size:cover;--awb-width-large:100%;--awb-margin-top-large:0px;--awb-spacing-right-large:1.92%;--awb-margin-bottom-large:20px;--awb-spacing-left-large:1.92%;--awb-width-medium:100%;--awb-order-medium:0;--awb-spacing-right-medium:1.92%;--awb-spacing-left-medium:1.92%;--awb-width-small:100%;--awb-order-small:0;--awb-spacing-right-small:1.92%;--awb-spacing-left-small:1.92%;\"><div class=\"fusion-column-wrapper fusion-column-has-shadow fusion-flex-justify-content-flex-start fusion-content-layout-column\"><div class=\"fusion-text fusion-text-1\" style=\"--awb-font-size:var(--awb-typography5-font-size);--awb-line-height:var(--awb-typography5-line-height);--awb-letter-spacing:var(--awb-typography5-letter-spacing);--awb-text-transform:var(--awb-typography5-text-transform);--awb-text-font-family:var(--awb-typography5-font-family);--awb-text-font-weight:var(--awb-typography5-font-weight);--awb-text-font-style:var(--awb-typography5-font-style);\"><p>Impressum:<\/p>\n<p>Europa Discovery UG K\u00f6nigsallee 60F 40212 D\u00fcsseldorf Deutschland<\/p>\n<p>Gesch\u00e4ftsf\u00fchrer: Ekaterina Prymichou, Georgiy Berber<\/p>\n<p>Kontakt: E-Mail: <a href=\"mailto:info@europa-discovery.de\" target=\"_new\" rel=\"noopener\">info@europa-discovery.de<\/a> Telefon: 0211-97273521 Mobil: 0179-3996670<\/p>\n<p>Registergericht: Amtsgericht D\u00fcsseldorf Registernummer: HRB 99540<\/p>\n<p>Umsatzsteuer-Identifikationsnummer gem\u00e4\u00df \u00a7 27 a Umsatzsteuergesetz: Folgt<\/p>\n<p>Verantwortlich f\u00fcr den Inhalt nach \u00a7 55 Abs. 2 RStV: Ekaterina Prymichou, Georgiy Berber Europa Discovery UG K\u00f6nigsallee 60F 40212 D\u00fcsseldorf Deutschland<\/p>\n<p>Hinweis gem\u00e4\u00df Online-Streitbeilegungsverordnung: Die Europ\u00e4ische Kommission stellt eine Plattform zur Online-Streitbeilegung (OS) bereit, die Sie unter <a href=\"http:\/\/ec.europa.eu\/consumers\/odr\/\" target=\"_new\" rel=\"noopener\">http:\/\/ec.europa.eu\/consumers\/odr\/<\/a> finden. Unsere E-Mail-Adresse finden Sie oben im Impressum.<\/p>\n<p>Haftung f\u00fcr Inhalte:<\/p>\n<p>Als Diensteanbieter sind wir gem\u00e4\u00df \u00a7 7 Abs.1 TMG f\u00fcr eigene Inhalte auf diesen Seiten nach den allgemeinen Gesetzen verantwortlich. Nach \u00a7\u00a7 8 bis 10 TMG sind wir als Diensteanbieter jedoch nicht verpflichtet, \u00fcbermittelte oder gespeicherte fremde Informationen zu \u00fcberwachen oder nach Umst\u00e4nden zu forschen, die auf eine rechtswidrige T\u00e4tigkeit hinweisen. Verpflichtungen zur Entfernung oder Sperrung der Nutzung von Informationen nach den allgemeinen Gesetzen bleiben hiervon unber\u00fchrt. Eine diesbez\u00fcgliche Haftung ist jedoch erst ab dem Zeitpunkt der Kenntnis einer konkreten Rechtsverletzung m\u00f6glich. Bei Bekanntwerden von entsprechenden Rechtsverletzungen werden wir diese Inhalte umgehend entfernen.<\/p>\n<p>Haftung f\u00fcr Links:<\/p>\n<p>Unser Angebot enth\u00e4lt Links zu externen Webseiten Dritter, auf deren Inhalte wir keinen Einfluss haben. Deshalb k\u00f6nnen wir f\u00fcr diese fremden Inhalte auch keine Gew\u00e4hr \u00fcbernehmen. F\u00fcr die Inhalte der verlinkten Seiten ist stets der jeweilige Anbieter oder Betreiber der Seiten verantwortlich. Die verlinkten Seiten wurden zum Zeitpunkt der Verlinkung auf m\u00f6gliche Rechtsverst\u00f6\u00dfe \u00fcberpr\u00fcft. Rechtswidrige Inhalte waren zum Zeitpunkt der Verlinkung nicht erkennbar. Eine permanente inhaltliche Kontrolle der verlinkten Seiten ist jedoch ohne konkrete Anhaltspunkte einer Rechtsverletzung nicht zumutbar. Bei Bekanntwerden von Rechtsverletzungen werden wir derartige Links umgehend entfernen.<\/p>\n<p>Urheberrecht:<\/p>\n<p>Die durch uns erstellten Inhalte und Werke auf diesen Seiten unterliegen dem deutschen Urheberrecht. Die Vervielf\u00e4ltigung, Bearbeitung, Verbreitung und jede Art der Verwertung au\u00dferhalb der Grenzen des Urheberrechts bed\u00fcrfen unserer schriftlichen Zustimmung. Downloads und Kopien dieser Seite sind nur f\u00fcr den privaten, nicht kommerziellen Gebrauch gestattet. Soweit die Inhalte auf dieser Seite nicht von uns erstellt wurden, werden die Urheberrechte Dritter beachtet. Insbesondere werden Inhalte Dritter als solche gekennzeichnet. Sollten Sie trotzdem auf eine Urheberrechtsverletzung aufmerksam werden, bitten wir um einen entsprechenden Hinweis. Bei Bekanntwerden von Rechtsverletzungen werden wir derartige Inhalte umgehend entfernen.<\/p>\n<p>Datenschutz:<\/p>\n<p>Die Nutzung unserer Webseite ist in der Regel ohne Angabe personenbezogener Daten m\u00f6glich. Soweit auf unseren Seiten personenbezogene Daten (beispielsweise Name, Anschrift oder E-Mail-Adressen) erhoben werden, erfolgt dies, soweit m\u00f6glich, stets auf freiwilliger Basis. Diese Daten werden ohne Ihre ausdr\u00fcckliche Zustimmung nicht an Dritte weitergegeben.<\/p>\n<p>Weitere Informationen zum Datenschutz entnehmen Sie bitte unserer <a href=\"http:\/\/w1075903.checkdomain.net\/europadiscovery\/wordpress\/datenschutz\/\">Datenschutzerkl\u00e4rung<\/a>.<\/p>\n<\/div><div class=\"fusion-text fusion-text-2\" style=\"--awb-font-size:var(--awb-typography5-font-size);--awb-line-height:var(--awb-typography5-line-height);--awb-letter-spacing:var(--awb-typography5-letter-spacing);--awb-text-transform:var(--awb-typography5-text-transform);--awb-text-font-family:var(--awb-typography5-font-family);--awb-text-font-weight:var(--awb-typography5-font-weight);--awb-text-font-style:var(--awb-typography5-font-style);\"><p>Imprint:<\/p>\n<p>Europa Discovery UG K\u00f6nigsallee 60F 40212 D\u00fcsseldorf Germany<\/p>\n<p>Managing Directors: Ekaterina Prymichou Georgiy Berber<\/p>\n<p>Email: <a href=\"mailto:info@europa-discovery.de\" target=\"_new\" rel=\"noopener\">info@europa-discovery.de<\/a> Phone: +49 211 97273521 Mobile: +49 179 3996670<\/p>\n<p>District Court D\u00fcsseldorf Commercial Register No.: HRB 99540<\/p>\n<p>Liability for content:<\/p>\n<p>As a service provider, we are responsible for our own content on these pages according to general laws pursuant to Section 7 (1) of the German Telemedia Act (TMG). However, according to Sections 8 to 10 TMG, we as a service provider are not obligated to monitor transmitted or stored third-party information or to search for circumstances indicating illegal activity. Obligations to remove or block the use of information according to general laws remain unaffected. However, liability in this regard is only possible from the point in time at which we become aware of a specific legal violation. Upon becoming aware of corresponding legal violations, we will remove such content immediately.<\/p>\n<p>Liability for links:<\/p>\n<p>Our offer contains links to external websites of third parties, on whose contents we have no influence. Therefore, we cannot assume any liability for these external contents. The respective provider or operator of the pages is always responsible for the contents of the linked pages. The linked pages were checked for possible legal violations at the time of linking. Illegal contents were not recognizable at the time of linking. However, a permanent control of the contents of the linked pages is not reasonable without concrete evidence of a violation of the law. If we become aware of any legal violations, we will remove such links immediately.<\/p>\n<p>Copyright:<\/p>\n<p>The content and works created by us on these pages are subject to German copyright law. The reproduction, adaptation, distribution and any kind of exploitation outside the limits of copyright require our written consent. Downloads and copies of these pages are only permitted for private, non-commercial use. Insofar as the content on this site was not created by us, the copyrights of third parties are respected. In particular, third-party content is identified as such. If you become aware of a copyright infringement, we ask that you notify us accordingly. If we become aware of any legal violations, we will remove such content immediately.<\/p>\n<p>Data protection:<\/p>\n<p>The use of our website is usually possible without providing personal information. As far as personal data (e.g. name, address or e-mail addresses) is collected on our pages, this is always done on a voluntary basis, if possible. This data will not be passed on to third parties without your express consent.<\/p>\n<p>For more information on data protection, please refer to our privacy policy.<\/p>\n<\/div><\/div><\/div><\/div><\/div>\n","protected":false},"excerpt":{"rendered":"","protected":false},"author":1,"featured_media":0,"parent":0,"menu_order":0,"comment_status":"closed","ping_status":"closed","template":"","meta":{"footnotes":""},"class_list":["post-983","page","type-page","status-publish","hentry"],"_links":{"self":[{"href":"http:\/\/w1075903.checkdomain.net\/europadiscovery\/wordpress\/wp-json\/wp\/v2\/pages\/983","targetHints":{"allow":["GET"]}}],"collection":[{"href":"http:\/\/w1075903.checkdomain.net\/europadiscovery\/wordpress\/wp-json\/wp\/v2\/pages"}],"about":[{"href":"http:\/\/w1075903.checkdomain.net\/europadiscovery\/wordpress\/wp-json\/wp\/v2\/types\/page"}],"author":[{"embeddable":true,"href":"http:\/\/w1075903.checkdomain.net\/europadiscovery\/wordpress\/wp-json\/wp\/v2\/users\/1"}],"replies":[{"embeddable":true,"href":"http:\/\/w1075903.checkdomain.net\/europadiscovery\/wordpress\/wp-json\/wp\/v2\/comments?post=983"}],"version-history":[{"count":1,"href":"http:\/\/w1075903.checkdomain.net\/europadiscovery\/wordpress\/wp-json\/wp\/v2\/pages\/983\/revisions"}],"predecessor-version":[{"id":1085,"href":"http:\/\/w1075903.checkdomain.net\/europadiscovery\/wordpress\/wp-json\/wp\/v2\/pages\/983\/revisions\/1085"}],"wp:attachment":[{"href":"http:\/\/w1075903.checkdomain.net\/europadiscovery\/wordpress\/wp-json\/wp\/v2\/media?parent=983"}],"curies":[{"name":"wp","href":"https:\/\/api.w.org\/{rel}","templated":true}]}}