{"id":978,"date":"2023-02-17T18:57:45","date_gmt":"2023-02-17T17:57:45","guid":{"rendered":"http:\/\/w1075903.checkdomain.net\/europadiscovery\/wordpress\/?page_id=978"},"modified":"2023-02-18T14:34:26","modified_gmt":"2023-02-18T13:34:26","slug":"touren-d","status":"publish","type":"page","link":"http:\/\/w1075903.checkdomain.net\/europadiscovery\/wordpress\/touren-d\/","title":{"rendered":"Touren D"},"content":{"rendered":"<p><div class=\"fusion-fullwidth fullwidth-box fusion-builder-row-1 fusion-flex-container has-pattern-background has-mask-background hundred-percent-fullwidth hundred-percent-height hundred-percent-height-center-content non-hundred-percent-height-scrolling\" style=\"--awb-border-radius-top-left:0px;--awb-border-radius-top-right:0px;--awb-border-radius-bottom-right:0px;--awb-border-radius-bottom-left:0px;--awb-padding-right:0px;--awb-padding-left:0px;\" ><div class=\"fusion-builder-row fusion-row fusion-flex-align-items-flex-start\" style=\"width:104% !important;max-width:104% !important;margin-left: calc(-4% \/ 2 );margin-right: calc(-4% \/ 2 );\"><div class=\"fusion-layout-column fusion_builder_column fusion-builder-column-0 fusion_builder_column_1_1 1_1 fusion-flex-column\" style=\"--awb-bg-size:cover;--awb-width-large:100%;--awb-margin-top-large:0px;--awb-spacing-right-large:1.92%;--awb-margin-bottom-large:20px;--awb-spacing-left-large:1.92%;--awb-width-medium:100%;--awb-order-medium:0;--awb-spacing-right-medium:1.92%;--awb-spacing-left-medium:1.92%;--awb-width-small:100%;--awb-order-small:0;--awb-spacing-right-small:1.92%;--awb-spacing-left-small:1.92%;\"><div class=\"fusion-column-wrapper fusion-column-has-shadow fusion-flex-justify-content-flex-start fusion-content-layout-column\"><div class=\"fusion-video fusion-selfhosted-video\" style=\"max-width:100%;\"><div class=\"video-wrapper\"><video playsinline=\"true\" width=\"100%\" style=\"object-fit: cover;\" autoplay=\"true\" muted=\"true\" loop=\"true\" preload=\"auto\"><source src=\"http:\/\/w1075903.checkdomain.net\/europadiscovery\/wordpress\/wp-content\/uploads\/2023\/02\/start_about_video.mp4\" type=\"video\/mp4\">Sorry, your browser doesn&#039;t support embedded videos.<\/video><\/div><\/div><\/div><\/div><\/div><\/div><div class=\"fusion-fullwidth fullwidth-box fusion-builder-row-2 fusion-flex-container has-pattern-background has-mask-background fusion-parallax-none nonhundred-percent-fullwidth non-hundred-percent-height-scrolling\" style=\"--awb-border-radius-top-left:0px;--awb-border-radius-top-right:0px;--awb-border-radius-bottom-right:0px;--awb-border-radius-bottom-left:0px;--awb-padding-top:100px;--awb-background-image:linear-gradient(180deg, rgba(51,51,51,0.5) 0%,rgba(51,51,51,0.5) 100%),url(http:\/\/w1075903.checkdomain.net\/europadiscovery\/wordpress\/wp-content\/uploads\/2023\/02\/Elbrus-Sochi_2022-136.jpg.webp);;--awb-background-size:cover;\" ><div class=\"fusion-builder-row fusion-row fusion-flex-align-items-flex-start\" style=\"max-width:76.96vw;margin-left: calc(-4% \/ 2 );margin-right: calc(-4% \/ 2 );\"><div class=\"fusion-layout-column fusion_builder_column fusion-builder-column-1 fusion_builder_column_1_1 1_1 fusion-flex-column\" style=\"--awb-bg-size:cover;--awb-width-large:100%;--awb-margin-top-large:0px;--awb-spacing-right-large:1.92%;--awb-margin-bottom-large:20px;--awb-spacing-left-large:1.92%;--awb-width-medium:100%;--awb-order-medium:0;--awb-spacing-right-medium:1.92%;--awb-spacing-left-medium:1.92%;--awb-width-small:100%;--awb-order-small:0;--awb-spacing-right-small:1.92%;--awb-spacing-left-small:1.92%;\"><div class=\"fusion-column-wrapper fusion-column-has-shadow fusion-flex-justify-content-flex-start fusion-content-layout-column\"><div class=\"fusion-title title fusion-title-1 fusion-sep-none fusion-title-text fusion-title-size-four sub-headline\" style=\"--awb-text-color:var(--awb-color1);--awb-font-size:var(--awb-typography4-font-size);\"><h4 class=\"title-heading-left\" style=\"font-family:var(--awb-typography4-font-family);font-weight:var(--awb-typography4-font-weight);font-style:var(--awb-typography4-font-style);margin:0;font-size:1em;letter-spacing:var(--awb-typography4-letter-spacing);text-transform:var(--awb-typography4-text-transform);line-height:var(--awb-typography4-line-height);\">Unsere Touren<\/h4><\/div><div class=\"fusion-text fusion-text-1\" style=\"--awb-font-size:var(--awb-typography5-font-size);--awb-line-height:var(--awb-typography5-line-height);--awb-letter-spacing:var(--awb-typography5-letter-spacing);--awb-text-transform:var(--awb-typography5-text-transform);--awb-text-color:var(--awb-color1);--awb-text-font-family:var(--awb-typography5-font-family);--awb-text-font-weight:var(--awb-typography5-font-weight);--awb-text-font-style:var(--awb-typography5-font-style);\"><p>Stellen Sie sich vor, Sie fahren in einem robusten Gel\u00e4ndewagen durch die unber\u00fchrte Landschaft Europas, atmen die frische Luft und genie\u00dfen die unbeschreibliche Freiheit. Die Landschaft wechselt sich st\u00e4ndig und bietet immer wieder neue, atemberaubende Ausblicke. Die Sonne scheint auf Ihr Gesicht und Sie sp\u00fcren das Adrenalin, das durch Ihren K\u00f6rper rauscht. Dies ist das Abenteuer, auf das Sie gewartet haben.<\/p>\n<p>Mit unseren Gel\u00e4ndewagen-Touren k\u00f6nnen Sie eine einzigartige Erfahrung machen und das Leben in vollen Z\u00fcgen genie\u00dfen. Lassen Sie sich von uns in eine Welt entf\u00fchren, in der Sie die Natur hautnah erleben und unbeschreibliche Abenteuer erleben k\u00f6nnen. Unsere Touren f\u00fchren Sie durch die wilde Sch\u00f6nheit Europas, von den Bergen bis zur K\u00fcste. Hier k\u00f6nnen Sie sich von dem Stress des Alltags erholen und die Seele baumeln lassen.<br \/>\nMit unseren robusten Gel\u00e4ndewagen werden Sie sicher und bequem durch die Landschaft fahren. Unsere erfahrenen Reiseleiter begleiten Sie auf jeder Tour und zeigen Ihnen die sch\u00f6nsten Orte und Sehensw\u00fcrdigkeiten. Sie werden die unber\u00fchrte Natur und das Abenteuer hautnah erleben und unvergessliche Erinnerungen mit nach Hause nehmen.<\/p>\n<p>Lassen Sie sich von uns in eine Welt voller Abenteuer und Freiheit entf\u00fchren. Kommen Sie an Orte, die Sie nicht mit dem Bus oder dem Zug erreichen k\u00f6nnen und erleben Sie die Natur auf eine ganz neue Art und Weise. Diese Tour wird Ihnen unbeschreibliche Momente bereiten und Sie werden begeistert sein von der Landschaft und der unglaublichen Freiheit, die Sie erleben werden.<br \/>\nVerpassen Sie nicht die Chance auf ein unvergessliches Abenteuer. Buchen Sie jetzt Ihre Gel\u00e4ndewagen-Tour und erleben Sie die wilde Sch\u00f6nheit Europas. Lassen Sie sich von uns in eine Welt voller Abenteuer und Freiheit entf\u00fchren und erleben Sie unbeschreibliche Momente, die Sie niemals vergessen werden.<\/p>\n<\/div><\/div><\/div><\/div><\/div><div class=\"fusion-bg-parallax\" data-bg-align=\"center center\" data-direction=\"up\" data-mute=\"false\" data-opacity=\"100\" data-velocity=\"-0.3\" data-mobile-enabled=\"false\" data-break_parents=\"0\" data-bg-image=\"http:\/\/w1075903.checkdomain.net\/europadiscovery\/wordpress\/wp-content\/uploads\/2023\/02\/Altai_2022-050.webp\" data-bg-repeat=\"false\" data-bg-gradient-type=\"linear\" data-bg-gradient-angle=\"270\" data-bg-gradient-start-color=\"rgba(51,51,51,0.35)\" data-bg-gradient-start-position=\"0\" data-bg-gradient-end-color=\"rgba(51,51,51,0.75)\" data-bg-gradient-end-position=\"50\" data-bg-radial-direction=\"center center\" ><\/div><div class=\"fusion-fullwidth fullwidth-box fusion-builder-row-3 fusion-flex-container has-pattern-background has-mask-background fusion-parallax-up country-selector-container nonhundred-percent-fullwidth hundred-percent-height hundred-percent-height-center-content non-hundred-percent-height-scrolling\" style=\"--awb-border-radius-top-left:0px;--awb-border-radius-top-right:0px;--awb-border-radius-bottom-right:0px;--awb-border-radius-bottom-left:0px;--awb-padding-top:200px;--awb-padding-bottom:100px;--awb-background-color:rgba(51,51,51,0);--awb-background-image:linear-gradient(270deg, rgba(51,51,51,0.35) 0%,rgba(51,51,51,0.75) 50%),url(http:\/\/w1075903.checkdomain.net\/europadiscovery\/wordpress\/wp-content\/uploads\/2023\/02\/Altai_2022-050.webp);;--awb-background-size:cover;\" ><div class=\"fusion-builder-row fusion-row fusion-flex-align-items-center fusion-flex-align-content-center fusion-flex-justify-content-center\" style=\"max-width:76.96vw;margin-left: calc(-4% \/ 2 );margin-right: calc(-4% \/ 2 );\"><div class=\"fusion-layout-column fusion_builder_column fusion-builder-column-2 fusion_builder_column_1_1 1_1 fusion-flex-column fusion-flex-align-self-center\" style=\"--awb-bg-size:cover;--awb-width-large:100%;--awb-margin-top-large:0px;--awb-spacing-right-large:1.92%;--awb-margin-bottom-large:20px;--awb-spacing-left-large:1.92%;--awb-width-medium:100%;--awb-order-medium:0;--awb-spacing-right-medium:1.92%;--awb-spacing-left-medium:1.92%;--awb-width-small:100%;--awb-order-small:0;--awb-spacing-right-small:1.92%;--awb-spacing-left-small:1.92%;\"><div class=\"fusion-column-wrapper fusion-column-has-shadow fusion-flex-justify-content-center fusion-content-layout-column\"><div class=\"fusion-title title fusion-title-2 fusion-sep-none fusion-title-text fusion-title-size-two\" style=\"--awb-text-color:var(--awb-color2);--awb-margin-bottom:25px;--awb-font-size:var(--awb-typography3-font-size);\"><h2 class=\"title-heading-left\" style=\"font-family:var(--awb-typography3-font-family);font-weight:var(--awb-typography3-font-weight);font-style:var(--awb-typography3-font-style);margin:0;font-size:1em;letter-spacing:var(--awb-typography3-letter-spacing);text-transform:var(--awb-typography3-text-transform);line-height:var(--awb-typography3-line-height);\">Unsere Touren<\/h2><\/div><div ><a class=\"fusion-button button-flat fusion-button-default-size button-custom fusion-button-default button-1 fusion-button-default-span fusion-button-default-type country-selector europe\" style=\"--button_accent_color:var(--awb-color2);--button_border_color:var(--awb-color3);--button_accent_hover_color:var(--awb-color2);--button_border_hover_color:var(--awb-color3);--button-border-radius-top-left:0;--button-border-radius-top-right:0;--button-border-radius-bottom-right:0;--button-border-radius-bottom-left:0;--button_gradient_top_color:var(--awb-color1);--button_gradient_bottom_color:var(--awb-color1);--button_gradient_top_color_hover:var(--awb-color1);--button_gradient_bottom_color_hover:var(--awb-color1);--button_text_transform:var(--awb-custom_typography_2-text-transform);--button_font_size:var(--awb-custom_typography_2-font-size);--button_line_height:var(--awb-custom_typography_2-line-height);--button_padding-top:25px;--button_padding-right:25px;--button_padding-bottom:25px;--button_padding-left:25px;--button_typography-letter-spacing:var(--awb-custom_typography_2-letter-spacing);--button_typography-font-family:var(--awb-custom_typography_2-font-family);--button_typography-font-weight:var(--awb-custom_typography_2-font-weight);--button_typography-font-style:var(--awb-custom_typography_2-font-style);\" target=\"_self\" href=\"#\"><span class=\"fusion-button-text\">Europ\u00e4ische Touren<\/span><\/a><\/div><\/div><\/div><div class=\"fusion-layout-column fusion_builder_column fusion-builder-column-3 fusion_builder_column_1_1 1_1 fusion-flex-column fusion-flex-align-self-center\" style=\"--awb-bg-size:cover;--awb-width-large:100%;--awb-margin-top-large:0px;--awb-spacing-right-large:1.92%;--awb-margin-bottom-large:20px;--awb-spacing-left-large:1.92%;--awb-width-medium:100%;--awb-order-medium:0;--awb-spacing-right-medium:1.92%;--awb-spacing-left-medium:1.92%;--awb-width-small:100%;--awb-order-small:0;--awb-spacing-right-small:1.92%;--awb-spacing-left-small:1.92%;\"><div class=\"fusion-column-wrapper fusion-column-has-shadow fusion-flex-justify-content-center fusion-content-layout-column\"><div class=\"fusion-title title fusion-title-3 fusion-sep-none fusion-title-text fusion-title-size-two\" style=\"--awb-text-color:var(--awb-color2);--awb-margin-bottom:25px;--awb-font-size:var(--awb-typography3-font-size);\"><h2 class=\"title-heading-left\" style=\"font-family:var(--awb-typography3-font-family);font-weight:var(--awb-typography3-font-weight);font-style:var(--awb-typography3-font-style);margin:0;font-size:1em;letter-spacing:var(--awb-typography3-letter-spacing);text-transform:var(--awb-typography3-text-transform);line-height:var(--awb-typography3-line-height);\">Partner Touren<\/h2><\/div><div ><a class=\"fusion-button button-flat fusion-button-default-size button-custom fusion-button-default button-2 fusion-button-default-span fusion-button-default-type country-selector caucasus\" style=\"--button_accent_color:var(--awb-color2);--button_border_color:var(--awb-color3);--button_accent_hover_color:var(--awb-color2);--button_border_hover_color:var(--awb-color3);--button-border-radius-top-left:0;--button-border-radius-top-right:0;--button-border-radius-bottom-right:0;--button-border-radius-bottom-left:0;--button_gradient_top_color:var(--awb-color1);--button_gradient_bottom_color:var(--awb-color1);--button_gradient_top_color_hover:var(--awb-color1);--button_gradient_bottom_color_hover:var(--awb-color1);--button_text_transform:var(--awb-custom_typography_2-text-transform);--button_font_size:var(--awb-custom_typography_2-font-size);--button_line_height:var(--awb-custom_typography_2-line-height);--button_padding-top:25px;--button_padding-right:25px;--button_padding-bottom:25px;--button_padding-left:25px;--button_typography-letter-spacing:var(--awb-custom_typography_2-letter-spacing);--button_typography-font-family:var(--awb-custom_typography_2-font-family);--button_typography-font-weight:var(--awb-custom_typography_2-font-weight);--button_typography-font-style:var(--awb-custom_typography_2-font-style);\" target=\"_self\" href=\"http:\/\/w1075903.checkdomain.net\/europadiscovery\/wordpress\/touren-caucasus-d\/\"><span class=\"fusion-button-text\">Caucasus Touren<\/span><\/a><\/div><\/div><\/div><\/div><\/div><\/p>\n","protected":false},"excerpt":{"rendered":"","protected":false},"author":1,"featured_media":0,"parent":0,"menu_order":0,"comment_status":"closed","ping_status":"closed","template":"100-width.php","meta":{"footnotes":""},"class_list":["post-978","page","type-page","status-publish","hentry"],"_links":{"self":[{"href":"http:\/\/w1075903.checkdomain.net\/europadiscovery\/wordpress\/wp-json\/wp\/v2\/pages\/978","targetHints":{"allow":["GET"]}}],"collection":[{"href":"http:\/\/w1075903.checkdomain.net\/europadiscovery\/wordpress\/wp-json\/wp\/v2\/pages"}],"about":[{"href":"http:\/\/w1075903.checkdomain.net\/europadiscovery\/wordpress\/wp-json\/wp\/v2\/types\/page"}],"author":[{"embeddable":true,"href":"http:\/\/w1075903.checkdomain.net\/europadiscovery\/wordpress\/wp-json\/wp\/v2\/users\/1"}],"replies":[{"embeddable":true,"href":"http:\/\/w1075903.checkdomain.net\/europadiscovery\/wordpress\/wp-json\/wp\/v2\/comments?post=978"}],"version-history":[{"count":22,"href":"http:\/\/w1075903.checkdomain.net\/europadiscovery\/wordpress\/wp-json\/wp\/v2\/pages\/978\/revisions"}],"predecessor-version":[{"id":1096,"href":"http:\/\/w1075903.checkdomain.net\/europadiscovery\/wordpress\/wp-json\/wp\/v2\/pages\/978\/revisions\/1096"}],"wp:attachment":[{"href":"http:\/\/w1075903.checkdomain.net\/europadiscovery\/wordpress\/wp-json\/wp\/v2\/media?parent=978"}],"curies":[{"name":"wp","href":"https:\/\/api.w.org\/{rel}","templated":true}]}}