{"id":778,"date":"2023-02-17T12:20:41","date_gmt":"2023-02-17T11:20:41","guid":{"rendered":"http:\/\/w1075903.checkdomain.net\/europadiscovery\/wordpress\/?page_id=778"},"modified":"2023-02-17T15:44:56","modified_gmt":"2023-02-17T14:44:56","slug":"datenschutz","status":"publish","type":"page","link":"http:\/\/w1075903.checkdomain.net\/europadiscovery\/wordpress\/datenschutz\/","title":{"rendered":"Datenschutz"},"content":{"rendered":"<div class=\"fusion-fullwidth fullwidth-box fusion-builder-row-1 fusion-flex-container has-pattern-background has-mask-background nonhundred-percent-fullwidth non-hundred-percent-height-scrolling\" style=\"--awb-border-radius-top-left:0px;--awb-border-radius-top-right:0px;--awb-border-radius-bottom-right:0px;--awb-border-radius-bottom-left:0px;--awb-padding-top:175px;\" ><div class=\"fusion-builder-row fusion-row fusion-flex-align-items-flex-start\" style=\"max-width:76.96vw;margin-left: calc(-4% \/ 2 );margin-right: calc(-4% \/ 2 );\"><div class=\"fusion-layout-column fusion_builder_column fusion-builder-column-0 fusion_builder_column_1_1 1_1 fusion-flex-column\" style=\"--awb-bg-size:cover;--awb-width-large:100%;--awb-margin-top-large:0px;--awb-spacing-right-large:1.92%;--awb-margin-bottom-large:0px;--awb-spacing-left-large:1.92%;--awb-width-medium:100%;--awb-spacing-right-medium:1.92%;--awb-spacing-left-medium:1.92%;--awb-width-small:100%;--awb-spacing-right-small:1.92%;--awb-spacing-left-small:1.92%;\"><div class=\"fusion-column-wrapper fusion-flex-justify-content-flex-start fusion-content-layout-column\"><div class=\"fusion-text fusion-text-1\" style=\"--awb-font-size:var(--awb-typography5-font-size);--awb-line-height:var(--awb-typography5-line-height);--awb-letter-spacing:var(--awb-typography5-letter-spacing);--awb-text-transform:var(--awb-typography5-text-transform);--awb-text-font-family:var(--awb-typography5-font-family);--awb-text-font-weight:var(--awb-typography5-font-weight);--awb-text-font-style:var(--awb-typography5-font-style);\"><p><strong>Datenschutzerkl\u00e4rung<\/strong><\/p>\n<p>Herzlich willkommen bei Europa Discovery UG. Wir nehmen den Schutz Ihrer personenbezogenen Daten sehr ernst und m\u00f6chten Sie daher dar\u00fcber informieren, welche Daten wir erheben, wie wir sie verwenden und welche Rechte Sie in Bezug auf Ihre Daten haben. Diese Datenschutzerkl\u00e4rung gilt f\u00fcr alle von uns betriebenen Websites und Online-Dienste.<\/p>\n<ol>\n<li>Verantwortlicher<\/li>\n<\/ol>\n<p>Verantwortlich f\u00fcr die Erhebung, Verarbeitung und Nutzung Ihrer personenbezogenen Daten im Sinne der Datenschutz-Grundverordnung (DSGVO) ist :<\/p>\n<p>Europa Discovery UG,<br \/>\nK\u00f6nigsallee 60F,<br \/>\n40212 D\u00fcsseldorf.<\/p>\n<ol start=\"2\">\n<li>Erhebung und Verarbeitung personenbezogener Daten<\/li>\n<\/ol>\n<p>2.1. Besuch der Website Sie k\u00f6nnen unsere Website besuchen, ohne personenbezogene Daten angeben zu m\u00fcssen. Bei jedem Besuch unserer Website erheben wir jedoch automatisch bestimmte technische Informationen, wie z.B. Ihre IP-Adresse, Datum und Uhrzeit des Zugriffs, Browsertyp und Betriebssystem. Diese Daten werden ausschlie\u00dflich zur Bereitstellung und Verbesserung unserer Dienste erhoben und statistisch ausgewertet. Eine Zusammenf\u00fchrung dieser Daten mit anderen Datenquellen findet nicht statt.<\/p>\n<p>2.2. Kontaktformular Wenn Sie uns \u00fcber das Kontaktformular auf unserer Website kontaktieren, erheben und verarbeiten wir die von Ihnen angegebenen personenbezogenen Daten wie Ihren Namen, Ihre E-Mail-Adresse und Ihre Nachricht. Wir nutzen diese Daten ausschlie\u00dflich zur Beantwortung Ihrer Anfrage und l\u00f6schen diese Daten, sobald sie nicht mehr erforderlich sind.<\/p>\n<p>2.3. Newsletter Wenn Sie unseren Newsletter abonnieren, erheben und verarbeiten wir Ihre E-Mail-Adresse, um Ihnen den Newsletter zuzusenden. Wir nutzen Ihre E-Mail-Adresse ausschlie\u00dflich f\u00fcr den Versand des Newsletters und l\u00f6schen diese Daten, sobald Sie sich vom Newsletter abmelden.<\/p>\n<p>2.4. Cookies Unsere Website verwendet Cookies, um die Nutzung unserer Dienste zu verbessern. Cookies sind kleine Textdateien, die auf Ihrem Endger\u00e4t gespeichert werden und Informationen \u00fcber Ihre Nutzung unserer Website enthalten. Wir verwenden sowohl Session-Cookies, die beim Schlie\u00dfen Ihres Browsers gel\u00f6scht werden, als auch persistente Cookies, die \u00fcber einen l\u00e4ngeren Zeitraum auf Ihrem Endger\u00e4t gespeichert bleiben. Sie k\u00f6nnen die Speicherung von Cookies durch eine entsprechende Einstellung Ihrer Browser-Software verhindern. Wir weisen jedoch darauf hin, dass in diesem Fall gegebenenfalls nicht alle Funktionen unserer Website vollumf\u00e4nglich genutzt werden k\u00f6nnen.<\/p>\n<ol start=\"3\">\n<li>Weitergabe von Daten an Dritte<\/li>\n<\/ol>\n<p>Eine Weitergabe Ihrer personenbezogenen Daten an Dritte erfolgt nur, wenn dies zur Abwicklung Ihrer Anfrage oder zur Bereitstellung unserer Dienste erforderlich ist oder wir gesetzlich dazu verpflichtet sind. Wir geben Ihre Daten insbesondere nicht zu Werbezwecken an Dritte weiter.<\/p>\n<ol start=\"4\">\n<li>Datensicherheit<\/li>\n<\/ol>\n<p>Wir treffen technische und organisatorische Ma\u00dfnahmen, um Ihre Daten gegen Verlust, Zerst\u00f6rung, Manipulation und unberechtigten Zugriff zu sch\u00fctzen. Unsere Mitarbeiterinnen und Mitarbeiter sind zur Einhaltung des Datengeheimnisses verpflichtet.<\/p>\n<ol start=\"5\">\n<li>Betroffenenrechte<\/li>\n<\/ol>\n<p>Sie haben das Recht, Auskunft \u00fcber Ihre bei uns gespeicherten personenbezogenen Daten zu erhalten sowie deren Berichtigung, L\u00f6schung oder Einschr\u00e4nkung der Verarbeitung zu verlangen. Sie haben au\u00dferdem das Recht, Widerspruch gegen die Verarbeitung Ihrer Daten einzulegen und das Recht auf Daten\u00fcbertragbarkeit. Wenn Sie der Ansicht sind, dass die Verarbeitung Ihrer personenbezogenen Daten gegen datenschutzrechtliche Bestimmungen verst\u00f6\u00dft, haben Sie das Recht, eine Beschwerde bei der zust\u00e4ndigen Aufsichtsbeh\u00f6rde einzureichen.<\/p>\n<ol start=\"6\">\n<li>\u00c4nderungen der Datenschutzerkl\u00e4rung<\/li>\n<\/ol>\n<p>Wir behalten uns das Recht vor, diese Datenschutzerkl\u00e4rung jederzeit und ohne Vorank\u00fcndigung zu \u00e4ndern. Die jeweils aktuelle Version ist auf unserer Website verf\u00fcgbar. Wir empfehlen Ihnen, diese Datenschutzerkl\u00e4rung regelm\u00e4\u00dfig zu \u00fcberpr\u00fcfen.<\/p>\n<ol start=\"7\">\n<li>YouTube<\/li>\n<\/ol>\n<p>Wir haben YouTube-Videos in unsere Website eingebunden, die auf <a href=\"http:\/\/www.youtube.com\/\" target=\"_new\" rel=\"noopener\">www.youtube.com<\/a> gespeichert sind und von unserer Website aus direkt abspielbar sind. YouTube ist eine Tochtergesellschaft der Google LLC, 1600 Amphitheatre Parkway, Mountain View, CA 94043, USA (\u201eGoogle\u201c). Durch den Besuch auf unserer Website erh\u00e4lt YouTube die Information, dass Sie die entsprechende Unterseite unserer Website aufgerufen haben. Wenn Sie w\u00e4hrend des Besuchs unserer Website zugleich bei YouTube eingeloggt sind, werden die genannten Informationen Ihrem YouTube-Konto zugeordnet. Dies k\u00f6nnen Sie nur verhindern, indem Sie sich vor dem Besuch unserer Website von Ihrem YouTube-Account abmelden. Weitere Informationen zur Datennutzung durch YouTube finden Sie in der Datenschutzerkl\u00e4rung von Google unter <a href=\"https:\/\/policies.google.com\/privacy\" target=\"_new\" rel=\"noopener\">https:\/\/policies.google.com\/privacy<\/a>.<\/p>\n<ol start=\"8\">\n<li>Instagram<\/li>\n<\/ol>\n<p>Wir haben Funktionen des Online-Dienstes Instagram in unsere Website eingebunden, die von der Instagram LLC, 1601 Willow Rd, Menlo Park CA 94025, USA (\u201eInstagram\u201c) bereitgestellt werden. Wenn Sie eine Seite unserer Website aufrufen, die eine solche Funktion enth\u00e4lt, stellt Ihr Browser eine direkte Verbindung zu den Servern von Instagram her. Der Inhalt der Funktion wird von Instagram direkt an Ihren Browser \u00fcbermittelt und in die Seite eingebunden. Durch diese Einbindung erh\u00e4lt Instagram die Information, dass Ihr Browser die entsprechende Seite unserer Website aufgerufen hat, auch wenn Sie kein Instagram-Profil besitzen oder gerade nicht bei Instagram eingeloggt sind. Diese Information (einschlie\u00dflich Ihrer IP-Adresse) wird von Ihrem Browser direkt an einen Server von Instagram in die USA \u00fcbermittelt und dort gespeichert. Sind Sie bei Instagram eingeloggt, kann Instagram den Besuch unserer Website Ihrem Instagram-Account unmittelbar zuordnen. Wenn Sie mit den Funktionen interagieren, zum Beispiel den \u201eInstagram\u201c-Button bet\u00e4tigen, wird die entsprechende Information ebenfalls direkt an einen Server von Instagram \u00fcbermittelt und dort gespeichert. Die Informationen werden au\u00dferdem auf Ihrem Instagram-Account ver\u00f6ffentlicht und Ihren Kontakten angezeigt. Zweck und Umfang der Datenerhebung und die weitere Verarbeitung und Nutzung der Daten durch Instagram sowie Ihre diesbez\u00fcglichen Rechte und Einstellungsm\u00f6glichkeiten zum Schutz Ihrer Privatsph\u00e4re entnehmen Sie bitte den Datenschutzhinweisen von Instagram: <a href=\"https:\/\/help.instagram.com\/155833707900388\" target=\"_new\" rel=\"noopener\">https:\/\/help.instagram.com\/155833707900388<\/a>.<\/p>\n<p>Stand: 17.02.2022<\/p>\n<\/div><\/div><\/div><\/div><\/div>\n","protected":false},"excerpt":{"rendered":"","protected":false},"author":1,"featured_media":0,"parent":0,"menu_order":0,"comment_status":"closed","ping_status":"closed","template":"","meta":{"footnotes":""},"class_list":["post-778","page","type-page","status-publish","hentry"],"_links":{"self":[{"href":"http:\/\/w1075903.checkdomain.net\/europadiscovery\/wordpress\/wp-json\/wp\/v2\/pages\/778","targetHints":{"allow":["GET"]}}],"collection":[{"href":"http:\/\/w1075903.checkdomain.net\/europadiscovery\/wordpress\/wp-json\/wp\/v2\/pages"}],"about":[{"href":"http:\/\/w1075903.checkdomain.net\/europadiscovery\/wordpress\/wp-json\/wp\/v2\/types\/page"}],"author":[{"embeddable":true,"href":"http:\/\/w1075903.checkdomain.net\/europadiscovery\/wordpress\/wp-json\/wp\/v2\/users\/1"}],"replies":[{"embeddable":true,"href":"http:\/\/w1075903.checkdomain.net\/europadiscovery\/wordpress\/wp-json\/wp\/v2\/comments?post=778"}],"version-history":[{"count":9,"href":"http:\/\/w1075903.checkdomain.net\/europadiscovery\/wordpress\/wp-json\/wp\/v2\/pages\/778\/revisions"}],"predecessor-version":[{"id":947,"href":"http:\/\/w1075903.checkdomain.net\/europadiscovery\/wordpress\/wp-json\/wp\/v2\/pages\/778\/revisions\/947"}],"wp:attachment":[{"href":"http:\/\/w1075903.checkdomain.net\/europadiscovery\/wordpress\/wp-json\/wp\/v2\/media?parent=778"}],"curies":[{"name":"wp","href":"https:\/\/api.w.org\/{rel}","templated":true}]}}